{"id":73,"date":"2021-06-05T07:06:17","date_gmt":"2021-06-05T07:06:17","guid":{"rendered":"https:\/\/mockenundheinen.de\/wp-home\/?page_id=73"},"modified":"2021-06-05T07:06:17","modified_gmt":"2021-06-05T07:06:17","slug":"blechbearbeitung","status":"publish","type":"page","link":"https:\/\/mockenundheinen.de\/index.php\/blechbearbeitung\/","title":{"rendered":"Blechbearbeitung"},"content":{"rendered":"\n<p>Blechbearbeitung wird oft in der Industrie ben\u00f6tigt. Ob Wannen in unterschiedlichsten Gr\u00f6\u00dfen und Formen oder Geh\u00e4use und Abdeckungen f\u00fcr Maschinen und Maschinenteile. Auch in diesem Bereich k\u00f6nnen wir Ihnen mit unserer langj\u00e4hrigen Erfahrung weiterhelfen. Gerne kommen Sie mit Ihrer Idee oder Problemstellung auf uns zu, und wir finden gemeinsam eine L\u00f6sung.<\/p>\n\n\n\n<figure class=\"wp-block-gallery columns-2 is-cropped wp-block-gallery-1 is-layout-flex wp-block-gallery-is-layout-flex\"><ul class=\"blocks-gallery-grid\"><li class=\"blocks-gallery-item\"><figure><img loading=\"lazy\" decoding=\"async\" width=\"374\" height=\"300\" src=\"https:\/\/mockenundheinen.de\/wp-home\/wp-content\/uploads\/2021\/05\/Blechverarbeitung_01.jpg\" alt=\"\" data-id=\"23\" data-full-url=\"https:\/\/mockenundheinen.de\/wp-home\/wp-content\/uploads\/2021\/05\/Blechverarbeitung_01.jpg\" data-link=\"https:\/\/mockenundheinen.de\/wp-home\/index.php\/sample-page\/blechverarbeitung_01\/\" class=\"wp-image-23\" srcset=\"https:\/\/mockenundheinen.de\/wp-content\/uploads\/2021\/05\/Blechverarbeitung_01.jpg 374w, https:\/\/mockenundheinen.de\/wp-content\/uploads\/2021\/05\/Blechverarbeitung_01-300x241.jpg 300w\" sizes=\"auto, (max-width: 374px) 100vw, 374px\" \/><\/figure><\/li><li class=\"blocks-gallery-item\"><figure><img loading=\"lazy\" decoding=\"async\" width=\"399\" height=\"300\" src=\"https:\/\/mockenundheinen.de\/wp-home\/wp-content\/uploads\/2021\/05\/Blechverarbeitung_02.jpg\" alt=\"\" data-id=\"27\" data-full-url=\"https:\/\/mockenundheinen.de\/wp-home\/wp-content\/uploads\/2021\/05\/Blechverarbeitung_02.jpg\" data-link=\"https:\/\/mockenundheinen.de\/wp-home\/index.php\/sample-page\/blechverarbeitung_02\/\" class=\"wp-image-27\" srcset=\"https:\/\/mockenundheinen.de\/wp-content\/uploads\/2021\/05\/Blechverarbeitung_02.jpg 399w, https:\/\/mockenundheinen.de\/wp-content\/uploads\/2021\/05\/Blechverarbeitung_02-300x226.jpg 300w\" sizes=\"auto, (max-width: 399px) 100vw, 399px\" \/><\/figure><\/li><\/ul><\/figure>\n","protected":false},"excerpt":{"rendered":"<p>Blechbearbeitung wird oft in der Industrie ben\u00f6tigt. Ob Wannen in unterschiedlichsten Gr\u00f6\u00dfen und Formen oder Geh\u00e4use und Abdeckungen f\u00fcr Maschinen und Maschinenteile. Auch in diesem Bereich k\u00f6nnen wir Ihnen mit unserer langj\u00e4hrigen Erfahrung weiterhelfen. Gerne kommen Sie mit Ihrer Idee oder Problemstellung auf uns zu, und wir finden gemeinsam eine L\u00f6sung.<\/p>\n","protected":false},"author":1,"featured_media":0,"parent":0,"menu_order":0,"comment_status":"closed","ping_status":"closed","template":"","meta":{"footnotes":""},"class_list":["post-73","page","type-page","status-publish","hentry"],"_links":{"self":[{"href":"https:\/\/mockenundheinen.de\/index.php\/wp-json\/wp\/v2\/pages\/73","targetHints":{"allow":["GET"]}}],"collection":[{"href":"https:\/\/mockenundheinen.de\/index.php\/wp-json\/wp\/v2\/pages"}],"about":[{"href":"https:\/\/mockenundheinen.de\/index.php\/wp-json\/wp\/v2\/types\/page"}],"author":[{"embeddable":true,"href":"https:\/\/mockenundheinen.de\/index.php\/wp-json\/wp\/v2\/users\/1"}],"replies":[{"embeddable":true,"href":"https:\/\/mockenundheinen.de\/index.php\/wp-json\/wp\/v2\/comments?post=73"}],"version-history":[{"count":1,"href":"https:\/\/mockenundheinen.de\/index.php\/wp-json\/wp\/v2\/pages\/73\/revisions"}],"predecessor-version":[{"id":74,"href":"https:\/\/mockenundheinen.de\/index.php\/wp-json\/wp\/v2\/pages\/73\/revisions\/74"}],"wp:attachment":[{"href":"https:\/\/mockenundheinen.de\/index.php\/wp-json\/wp\/v2\/media?parent=73"}],"curies":[{"name":"wp","href":"https:\/\/api.w.org\/{rel}","templated":true}]}}